{"id":686,"date":"2015-08-10T15:37:02","date_gmt":"2015-08-10T18:37:02","guid":{"rendered":"http:\/\/gracechurch.ancorathemes.com\/?page_id=686"},"modified":"2020-01-24T14:46:22","modified_gmt":"2020-01-24T17:46:22","slug":"aigreja","status":"publish","type":"page","link":"https:\/\/www.advalinhos.com.br\/site\/aigreja\/","title":{"rendered":"A Igreja"},"content":{"rendered":"<div class=\"wpb-content-wrapper\"><p>[vc_row css=&#8221;.vc_custom_1441117467051{margin-top: 6% !important;}&#8221;][vc_column width=&#8221;1\/2&#8243;]<h6 class=\"sc_title sc_title_divider sc_align_left\" style=\"margin-bottom:3.125rem;text-align:left;\"><span class=\"sc_title_divider_before\"><\/span>Assembl\u00e9ia de Deus Valinhos<span class=\"sc_title_divider_after\"><\/span><\/h6><h3 class=\"sc_title sc_title_iconed sc_align_left\" style=\"text-align:left;\"><span class=\"sc_title_icon sc_title_icon_left  sc_title_icon_medium\"><img decoding=\"async\" src=\"https:\/\/www.advalinhos.com.br\/site\/wp-content\/uploads\/2015\/08\/icon_team_member1.png\" alt=\"\" \/><\/span>Palavra do Pastor Presidente<\/h3>[vc_column_text]<em>\u201cPorque n\u00e3o saireis apressadamente, nem vos ireis fugindo, porque o Senhor ir\u00e1 diante de v\u00f3s, e o Deus de Israel ser\u00e1 a vossa retaguarda.\u201d Isa\u00edas 52.12 <\/em><\/p>\n<p>Queridos irm\u00e3os, independente do seu ritmo na carreira que lhe foi proposta, n\u00e3o corra o suficiente para deixar Deus para tr\u00e1s, n\u00e3o deixe Deus de lado. Submeta-se ao seu senhorio, submeta-se as condi\u00e7\u00f5es dEle, ent\u00e3o ter\u00e1s uma dire\u00e7\u00e3o segura para os seus passos e prote\u00e7\u00e3o completa. Se o Senhor estiver \u00e0 sua frente, as coisas v\u00e3o acontecer naturalmente, no tempo certo. Seguir a carreira da vida em ritmo normal, seguir os passos de Jesus, seguir sem vacilar, seguir o caminho sem passar \u00e0 frente do Senhor te garante uma corrida com destino certo e uma caminhada com prote\u00e7\u00e3o. Na frente ele guia, na retaguarda ele protege. Precisamos de algu\u00e9m que nos protege de ataques trai\u00e7oeiros, precisamos manter nossas costas cobertas, pois, o inimigo chega sorrateiramente pela retaguarda, aproveitando-se de que n\u00e3o o estamos vendo. Mas o nosso Deus est\u00e1 \u00e0 frete, na retaguarda, tudo sabe e tudo v\u00ea. Ele destr\u00f3i os ataques do inimigo, nos dirige entre os escombros e fuma\u00e7a, j\u00e1 providenciou tudo pra voc\u00ea. Que Guarda-Costas maravilhoso. Que 2020 seja de ben\u00e7\u00e3o em todas as \u00e1reas de sua vida, com Deus por todos os lados. Am\u00e9m.<\/p>\n<p>Pastor Antonio Constantino Vieira[\/vc_column_text][\/vc_column][vc_column width=&#8221;1\/2&#8243;]<div class=\"figure sc_image  alignright sc_image_shape_square image-about-us\" style=\"margin-top:1.35em !important;\"><img decoding=\"async\" src=\"https:\/\/www.advalinhos.com.br\/site\/wp-content\/uploads\/2015\/08\/pr_constantino_05.jpeg\" alt=\"\" \/><\/div>[\/vc_column][\/vc_row][vc_row full_width=&#8221;stretch_row&#8221; css=&#8221;.vc_custom_1477327290013{margin-top: 3% !important;margin-bottom: 3% !important;padding-top: 7% !important;padding-bottom: 7% !important;background-color: #f9f9fa !important;}&#8221;][vc_column]<h6 class=\"sc_title sc_title_divider sc_align_left\" style=\"margin-bottom:5%;text-align:left;\"><span class=\"sc_title_divider_before\"><\/span>Diretoria<span class=\"sc_title_divider_after\"><\/span><\/h6><div id=\"sc_team_1113146081_wrap\" class=\"sc_team_wrap\"><div id=\"sc_team_1113146081\" class=\"sc_team sc_team_style_team-4  sc_slider_nopagination sc_slider_nocontrols\" style=\"width:100%;\" data-interval=\"6416\" data-slides-per-view=\"4\"><div class=\"sc_columns columns_wrap\"><div class=\"column-1_4 column_padding_bottom\">\t\t\t<div id=\"sc_team_1113146081_1\"\t\t\t\tclass=\"sc_team_item sc_team_item_1 odd first\"\n\t\t\t\t>\n\t\t\t\t<div class=\"sc_team_item_avatar\"><img loading=\"lazy\" decoding=\"async\" class=\"wp-post-image\" width=\"370\" height=\"415\" alt=\"Pr. Jos\u00e9 Wellington Bezerra da Costa\" src=\"https:\/\/www.advalinhos.com.br\/site\/wp-content\/uploads\/2016\/10\/pr_jose_wellington_perfil-740x830.jpg\">\t\t\t\t\t<div class=\"sc_team_item_hover\">\n\t\t\t\t\t\t<div class=\"sc_team_item_info\">\n\t\t\t\t\t\t\t<h5 class=\"sc_team_item_title\"><a href=\"https:\/\/www.advalinhos.com.br\/site\/team\/pr-jose-wellington-bezerra-da-costa\/\">Pr. Jos\u00e9 Wellington Bezerra da Costa<\/a><\/h5>\n\t\t\t\t\t\t\t<div class=\"sc_team_item_position\">Vice Presidente<\/div>\n<!--\t\t\t\t\t\t\t<div class=\"sc_team_item_description\">--><!--<\/div>-->\n\t\t\t\t\t\t\t<div class=\"sc_team_item_socials\"><\/div>\n\t\t\t\t\t\t\t<div class=\"sc_team_item_email\"><\/div>\n\t\t\t\t\t\t<\/div>\n\t\t\t\t\t<\/div>\n\t\t\t\t<\/div>\n\t\t\t<\/div>\n\t\t<\/div><div class=\"column-1_4 column_padding_bottom\">\t\t\t<div id=\"sc_team_1113146081_2\"\t\t\t\tclass=\"sc_team_item sc_team_item_2 even\"\n\t\t\t\t>\n\t\t\t\t<div class=\"sc_team_item_avatar\"><img loading=\"lazy\" decoding=\"async\" class=\"wp-post-image\" width=\"370\" height=\"415\" alt=\"Pr. Antonio Constantino Vieira\" src=\"https:\/\/www.advalinhos.com.br\/site\/wp-content\/uploads\/2016\/10\/pr_constantino_perfil-740x830.jpg\">\t\t\t\t\t<div class=\"sc_team_item_hover\">\n\t\t\t\t\t\t<div class=\"sc_team_item_info\">\n\t\t\t\t\t\t\t<h5 class=\"sc_team_item_title\"><a href=\"https:\/\/www.advalinhos.com.br\/site\/team\/pr-antonio-constantino-vieira\/\">Pr. Antonio Constantino Vieira<\/a><\/h5>\n\t\t\t\t\t\t\t<div class=\"sc_team_item_position\">Presidente<\/div>\n<!--\t\t\t\t\t\t\t<div class=\"sc_team_item_description\">--><!--<\/div>-->\n\t\t\t\t\t\t\t<div class=\"sc_team_item_socials\"><\/div>\n\t\t\t\t\t\t\t<div class=\"sc_team_item_email\"><\/div>\n\t\t\t\t\t\t<\/div>\n\t\t\t\t\t<\/div>\n\t\t\t\t<\/div>\n\t\t\t<\/div>\n\t\t<\/div><\/div><\/div><!-- \/.sc_team --><\/div><!-- \/.sc_team_wrap -->[\/vc_column][\/vc_row][vc_row][vc_column]<h6 class=\"sc_title sc_title_divider sc_align_left\" style=\"margin-bottom:5%;text-align:left;\"><span class=\"sc_title_divider_before\"><\/span>Pr\u00f3ximos Cultos<span class=\"sc_title_divider_after\"><\/span><\/h6><div id=\"sc_blogger_1604389237\" class=\"sc_blogger layout_classic_3 template_masonry  sc_blogger_horizontal\"><div class=\"isotope_wrap\" data-columns=\"3\"><\/div><\/div>[\/vc_column][\/vc_row][vc_row css=&#8221;.vc_custom_1477327276123{margin-top: 3% !important;}&#8221;][vc_column]<!-- #TRX_GAP_START# --><div class=\"sc_testimonials_wrap sc_section\" style=\"background-image:url(https:\/\/www.advalinhos.com.br\/site\/wp-content\/uploads\/2015\/08\/bg13.jpg);\"><div class=\"sc_section_overlay\" style=\"\"><div id=\"sc_testimonials_72178513\" class=\"sc_testimonials sc_testimonials_style_testimonials-1  sc_slider_swiper swiper-slider-container sc_slider_pagination sc_slider_pagination_bottom sc_slider_nocontrols\" data-interval=\"700000\" style=\"width:100%;\"><div class=\"slides swiper-wrapper\"><div class=\"swiper-slide\" data-style=\"width:100%;\" style=\"width:100%;\">\t\t\t<div id=\"sc_testimonials_72178513_1\" class=\"sc_testimonial_item\">\n\n            \n                <div class=\"testimonials_left_area\">\n                    <h6 class=\"sc_title sc_title_divider sc_align_left\" style=\"text-align:left;color:#ffffff;\"><span class=\"sc_title_divider_before\" style=\"background-color: #ffffff\"><\/span>Testimonials<span class=\"sc_title_divider_after\" style=\"background-color: #ffffff\"><\/span><\/h6>                                    <\/div>\n                <div class=\"testimonials_right_area\">\n                    <div class=\"sc_testimonial_content\"><p>O jovem Alan Lopes sofreu um grave acidente na Av. Amoreira em 2016, muitos consideraram como morto. Em menos de 40 dias estava em casa se recuperando.<\/p>\n<p>ADValinhos<\/p><\/div>\n                                            <\/div>\n\n                \n            <\/div>\n\t\t<\/div><div class=\"swiper-slide\" data-style=\"width:100%;\" style=\"width:100%;\">\t\t\t<div id=\"sc_testimonials_72178513_2\" class=\"sc_testimonial_item\">\n\n            \n                <div class=\"testimonials_left_area\">\n                    <h6 class=\"sc_title sc_title_divider sc_align_left\" style=\"text-align:left;color:#ffffff;\"><span class=\"sc_title_divider_before\" style=\"background-color: #ffffff\"><\/span>Testimonials<span class=\"sc_title_divider_after\" style=\"background-color: #ffffff\"><\/span><\/h6>                                    <\/div>\n                <div class=\"testimonials_right_area\">\n                    <div class=\"sc_testimonial_content\"><p>Nathalia foi milagrosamente curada de dois aneurisma, est\u00e1 saud\u00e1vel e sem sequelas.<\/p>\n<p>ADValinhos<\/p><\/div>\n                                            <\/div>\n\n                \n            <\/div>\n\t\t<\/div><div class=\"swiper-slide\" data-style=\"width:100%;\" style=\"width:100%;\">\t\t\t<div id=\"sc_testimonials_72178513_3\" class=\"sc_testimonial_item\">\n\n            \n                <div class=\"testimonials_left_area\">\n                    <h6 class=\"sc_title sc_title_divider sc_align_left\" style=\"text-align:left;color:#ffffff;\"><span class=\"sc_title_divider_before\" style=\"background-color: #ffffff\"><\/span>Testimonials<span class=\"sc_title_divider_after\" style=\"background-color: #ffffff\"><\/span><\/h6>                                    <\/div>\n                <div class=\"testimonials_right_area\">\n                    <div class=\"sc_testimonial_content\"><p>Jesus visitou a nossa irm\u00e3 Rosimere de uma forma sobrenatural e a curou do c\u00e2ncer.<\/p>\n<p><a href=\"https:\/\/youtu.be\/aGJwbpgBfKs\" target=\"_blank\"><span style=\"text-decoration: underline;\">Ver mais<\/span><\/a><\/p><\/div>\n                                            <\/div>\n\n                \n            <\/div>\n\t\t<\/div><\/div><div class=\"sc_slider_controls_wrap\"><a class=\"sc_slider_prev\" href=\"#\"><\/a><a class=\"sc_slider_next\" href=\"#\"><\/a><\/div><div class=\"sc_slider_pagination_wrap\"><\/div><\/div><\/div><\/div><!-- #TRX_GAP_END# -->[\/vc_column][\/vc_row][vc_row][vc_column][vc_empty_space height=&#8221;75px&#8221;]<h6 class=\"sc_title sc_title_divider sc_align_left\" style=\"margin-bottom:5%;text-align:left;\"><span class=\"sc_title_divider_before\"><\/span>Departamentos<span class=\"sc_title_divider_after\"><\/span><\/h6><div id=\"sc_clients_1792757699_wrap\" class=\"sc_clients_wrap\"><div id=\"sc_clients_1792757699\" class=\"sc_clients sc_clients_style_clients-1  sc_slider_pagination sc_slider_pagination_bottom sc_slider_nocontrols sc_slider_swiper swiper-slider-container\" data-interval=\"5308\" data-slides-per-view=\"6\" style=\"width:100%;\"><div class=\"slides swiper-wrapper\"><div class=\"swiper-slide\" data-style=\"width:100%;\" style=\"width:100%;\">\t\t\t<div id=\"sc_clients_1792757699_1\" class=\"sc_clients_item sc_clients_item_1 odd first\">\n\t\t\t\t\t\t\t\t<div class=\"sc_client_image\"><img decoding=\"async\" class=\"wp-post-image\" alt=\"SURDOS\" src=\"https:\/\/www.advalinhos.com.br\/site\/wp-content\/uploads\/2017\/05\/maosquecantam_color.png\"><\/div>\n\t\t\t\t\t\t\t<\/div>\n\t\t<\/div><div class=\"swiper-slide\" data-style=\"width:100%;\" style=\"width:100%;\">\t\t\t<div id=\"sc_clients_1792757699_2\" class=\"sc_clients_item sc_clients_item_2 even\">\n\t\t\t\t\t\t\t\t<div class=\"sc_client_image\"><img decoding=\"async\" class=\"wp-post-image\" alt=\"UMADEV\" src=\"https:\/\/www.advalinhos.com.br\/site\/wp-content\/uploads\/2016\/10\/umadevlogo-e1495046955218.jpg\"><\/div>\n\t\t\t\t\t\t\t<\/div>\n\t\t<\/div><div class=\"swiper-slide\" data-style=\"width:100%;\" style=\"width:100%;\">\t\t\t<div id=\"sc_clients_1792757699_3\" class=\"sc_clients_item sc_clients_item_3 odd\">\n\t\t\t\t\t\t\t\t<div class=\"sc_client_image\"><img decoding=\"async\" class=\"wp-post-image\" alt=\"UCADEV\" src=\"https:\/\/www.advalinhos.com.br\/site\/wp-content\/uploads\/2016\/10\/ucadev_color.png\"><\/div>\n\t\t\t\t\t\t\t<\/div>\n\t\t<\/div><\/div><div class=\"sc_slider_controls_wrap\"><a class=\"sc_slider_prev\" href=\"#\"><\/a><a class=\"sc_slider_next\" href=\"#\"><\/a><\/div><div class=\"sc_slider_pagination_wrap\"><\/div><div class=\"sc_clients_button sc_item_button\"><a href=\"http:\/\/www.advalinhos.com.br\/site\/category\/departamentos\/\" class=\"sc_button sc_button_square sc_button_style_filled sc_button_size_small  sc_button_iconed icon-right\">Ver mais<\/a><\/div><\/div><!-- \/.sc_clients --><\/div><!-- \/.sc_clients_wrap -->[vc_empty_space height=&#8221;75px&#8221;][\/vc_column][\/vc_row]<\/p>\n<\/div>","protected":false},"excerpt":{"rendered":"<p>[vc_row css=&#8221;.vc_custom_1441117467051{margin-top: 6% !important;}&#8221;][vc_column width=&#8221;1\/2&#8243;][vc_column_text]\u201cPorque n\u00e3o saireis apressadamente, nem vos ireis fugindo, porque o Senhor ir\u00e1 diante de v\u00f3s, e o Deus de Israel ser\u00e1 a vossa retaguarda.\u201d Isa\u00edas 52.12 [&hellip;]<\/p>\n","protected":false},"author":1,"featured_media":0,"parent":0,"menu_order":0,"comment_status":"closed","ping_status":"closed","template":"","meta":{"footnotes":""},"class_list":["post-686","page","type-page","status-publish","hentry"],"_links":{"self":[{"href":"https:\/\/www.advalinhos.com.br\/site\/wp-json\/wp\/v2\/pages\/686","targetHints":{"allow":["GET"]}}],"collection":[{"href":"https:\/\/www.advalinhos.com.br\/site\/wp-json\/wp\/v2\/pages"}],"about":[{"href":"https:\/\/www.advalinhos.com.br\/site\/wp-json\/wp\/v2\/types\/page"}],"author":[{"embeddable":true,"href":"https:\/\/www.advalinhos.com.br\/site\/wp-json\/wp\/v2\/users\/1"}],"replies":[{"embeddable":true,"href":"https:\/\/www.advalinhos.com.br\/site\/wp-json\/wp\/v2\/comments?post=686"}],"version-history":[{"count":30,"href":"https:\/\/www.advalinhos.com.br\/site\/wp-json\/wp\/v2\/pages\/686\/revisions"}],"predecessor-version":[{"id":2745,"href":"https:\/\/www.advalinhos.com.br\/site\/wp-json\/wp\/v2\/pages\/686\/revisions\/2745"}],"wp:attachment":[{"href":"https:\/\/www.advalinhos.com.br\/site\/wp-json\/wp\/v2\/media?parent=686"}],"curies":[{"name":"wp","href":"https:\/\/api.w.org\/{rel}","templated":true}]}}